{"id":158,"date":"2025-06-12T14:05:58","date_gmt":"2025-06-12T19:05:58","guid":{"rendered":"https:\/\/fashionkcmode.com\/?page_id=158"},"modified":"2025-06-18T22:58:37","modified_gmt":"2025-06-19T03:58:37","slug":"nosotros","status":"publish","type":"page","link":"https:\/\/fashionkcmode.com\/index.php\/nosotros\/","title":{"rendered":"Nosotros"},"content":{"rendered":"\t\t<div data-elementor-type=\"wp-page\" data-elementor-id=\"158\" class=\"elementor elementor-158\" data-elementor-post-type=\"page\">\n\t\t\t\t<div data-particle_enable=\"false\" data-particle-mobile-disabled=\"false\" class=\"elementor-element elementor-element-02d1e48 e-con-full e-flex e-con e-parent\" data-id=\"02d1e48\" data-element_type=\"container\">\n\t\t<div data-particle_enable=\"false\" data-particle-mobile-disabled=\"false\" class=\"elementor-element elementor-element-4d44514 e-con-full e-flex e-con e-child\" data-id=\"4d44514\" data-element_type=\"container\">\n\t\t\t\t<div class=\"elementor-element elementor-element-9e7b870 elementor-widget elementor-widget-heading\" data-id=\"9e7b870\" data-element_type=\"widget\" data-widget_type=\"heading.default\">\n\t\t\t\t<div class=\"elementor-widget-container\">\n\t\t\t\t\t<h1 class=\"elementor-heading-title elementor-size-default\">Nuestra Historia<\/h1>\t\t\t\t<\/div>\n\t\t\t\t<\/div>\n\t\t\t\t<div class=\"elementor-element elementor-element-2337384 elementor-widget elementor-widget-image\" data-id=\"2337384\" data-element_type=\"widget\" data-widget_type=\"image.default\">\n\t\t\t\t<div class=\"elementor-widget-container\">\n\t\t\t\t\t\t\t\t\t\t\t\t\t\t\t<img fetchpriority=\"high\" decoding=\"async\" width=\"800\" height=\"600\" src=\"https:\/\/fashionkcmode.com\/wp-content\/uploads\/2025\/06\/photo_2023-10-03_21-27-36-1024x768.jpg\" class=\"attachment-large size-large wp-image-489\" alt=\"KC\" srcset=\"https:\/\/fashionkcmode.com\/wp-content\/uploads\/2025\/06\/photo_2023-10-03_21-27-36-1024x768.jpg 1024w, https:\/\/fashionkcmode.com\/wp-content\/uploads\/2025\/06\/photo_2023-10-03_21-27-36-300x225.jpg 300w, https:\/\/fashionkcmode.com\/wp-content\/uploads\/2025\/06\/photo_2023-10-03_21-27-36-768x576.jpg 768w, https:\/\/fashionkcmode.com\/wp-content\/uploads\/2025\/06\/photo_2023-10-03_21-27-36-600x450.jpg 600w, https:\/\/fashionkcmode.com\/wp-content\/uploads\/2025\/06\/photo_2023-10-03_21-27-36.jpg 1280w\" sizes=\"(max-width: 800px) 100vw, 800px\" \/>\t\t\t\t\t\t\t\t\t\t\t\t\t\t\t<\/div>\n\t\t\t\t<\/div>\n\t\t\t\t<\/div>\n\t\t<div data-particle_enable=\"false\" data-particle-mobile-disabled=\"false\" class=\"elementor-element elementor-element-3a08900 e-con-full e-flex e-con e-child\" data-id=\"3a08900\" data-element_type=\"container\">\n\t\t\t\t<div class=\"elementor-element elementor-element-9c39686 elementor-widget elementor-widget-text-editor\" data-id=\"9c39686\" data-element_type=\"widget\" data-widget_type=\"text-editor.default\">\n\t\t\t\t<div class=\"elementor-widget-container\">\n\t\t\t\t\t\t\t\t\t<p>En KC Mode creemos que la moda es una forma de expresi\u00f3n, actitud y autenticidad. <br \/>Nacimos con la idea de ofrecer ropa juvenil con estilo,<br \/>Nuestra esencia mezcla tendencias actuales con una visi\u00f3n urbana y moderna, <br \/>tanto en nuestro punto f\u00edsico como en redes sociales.<br \/>M\u00e1s que vender ropa, creamos una experiencia de confianza, estilo y pertenencia.<\/p>\t\t\t\t\t\t\t\t<\/div>\n\t\t\t\t<\/div>\n\t\t\t\t<\/div>\n\t\t\t\t<\/div>\n\t\t<div data-particle_enable=\"false\" data-particle-mobile-disabled=\"false\" class=\"elementor-element elementor-element-b460399 e-flex e-con-boxed e-con e-parent\" data-id=\"b460399\" data-element_type=\"container\">\n\t\t\t\t\t<div class=\"e-con-inner\">\n\t\t\t\t<div class=\"elementor-element elementor-element-2b0657c elementor-widget elementor-widget-spacer\" data-id=\"2b0657c\" data-element_type=\"widget\" data-widget_type=\"spacer.default\">\n\t\t\t\t<div class=\"elementor-widget-container\">\n\t\t\t\t\t\t\t<div class=\"elementor-spacer\">\n\t\t\t<div class=\"elementor-spacer-inner\"><\/div>\n\t\t<\/div>\n\t\t\t\t\t\t<\/div>\n\t\t\t\t<\/div>\n\t\t\t\t\t<\/div>\n\t\t\t\t<\/div>\n\t\t<div data-particle_enable=\"false\" data-particle-mobile-disabled=\"false\" class=\"elementor-element elementor-element-da7d4cf e-con-full e-flex e-con e-parent\" data-id=\"da7d4cf\" data-element_type=\"container\">\n\t\t\t\t<div class=\"elementor-element elementor-element-82e3f5d elementor-widget elementor-widget-heading\" data-id=\"82e3f5d\" data-element_type=\"widget\" data-widget_type=\"heading.default\">\n\t\t\t\t<div class=\"elementor-widget-container\">\n\t\t\t\t\t<h3 class=\"elementor-heading-title elementor-size-default\">Visi\u00f3n y Misi\u00f3n<\/h3>\t\t\t\t<\/div>\n\t\t\t\t<\/div>\n\t\t\t\t<\/div>\n\t\t<div data-particle_enable=\"false\" data-particle-mobile-disabled=\"false\" class=\"elementor-element elementor-element-9e08c95 e-con-full e-flex e-con e-parent\" data-id=\"9e08c95\" data-element_type=\"container\">\n\t\t<div data-particle_enable=\"false\" data-particle-mobile-disabled=\"false\" class=\"elementor-element elementor-element-216a2a7 e-con-full e-flex e-con e-child\" data-id=\"216a2a7\" data-element_type=\"container\">\n\t\t\t\t<div class=\"elementor-element elementor-element-f6c1907 elementor-widget elementor-widget-heading\" data-id=\"f6c1907\" data-element_type=\"widget\" data-widget_type=\"heading.default\">\n\t\t\t\t<div class=\"elementor-widget-container\">\n\t\t\t\t\t<h3 class=\"elementor-heading-title elementor-size-default\">Visi\u00f3n <\/h3>\t\t\t\t<\/div>\n\t\t\t\t<\/div>\n\t\t\t\t<div class=\"elementor-element elementor-element-b1f4947 elementor-widget elementor-widget-text-editor\" data-id=\"b1f4947\" data-element_type=\"widget\" data-widget_type=\"text-editor.default\">\n\t\t\t\t<div class=\"elementor-widget-container\">\n\t\t\t\t\t\t\t\t\t<p>Convertirnos en una marca referente de moda juvenil en Latinoam\u00e9rica, destacando por nuestro enfoque futurista, dise\u00f1o exclusivo y conexi\u00f3n aut\u00e9ntica con una comunidad que no sigue tendencias: las crea.<\/p><div>\u00a0<\/div>\t\t\t\t\t\t\t\t<\/div>\n\t\t\t\t<\/div>\n\t\t\t\t<\/div>\n\t\t<div data-particle_enable=\"false\" data-particle-mobile-disabled=\"false\" class=\"elementor-element elementor-element-89e3008 e-con-full e-flex e-con e-child\" data-id=\"89e3008\" data-element_type=\"container\">\n\t\t\t\t<div class=\"elementor-element elementor-element-a4406f6 elementor-widget elementor-widget-heading\" data-id=\"a4406f6\" data-element_type=\"widget\" data-widget_type=\"heading.default\">\n\t\t\t\t<div class=\"elementor-widget-container\">\n\t\t\t\t\t<h2 class=\"elementor-heading-title elementor-size-default\">Misi\u00f3n<\/h2>\t\t\t\t<\/div>\n\t\t\t\t<\/div>\n\t\t\t\t<div class=\"elementor-element elementor-element-292caf7 elementor-widget elementor-widget-text-editor\" data-id=\"292caf7\" data-element_type=\"widget\" data-widget_type=\"text-editor.default\">\n\t\t\t\t<div class=\"elementor-widget-container\">\n\t\t\t\t\t\t\t\t\t<p>Empoderar a j\u00f3venes aut\u00e9nticos a trav\u00e9s de moda urbana vers\u00e1til, moderna y accesible. En KC\/MODE seleccionamos prendas que expresan identidad, confianza y estilo propio, ofreciendo una experiencia de compra innovadora tanto en tienda f\u00edsica como digital.<\/p>\t\t\t\t\t\t\t\t<\/div>\n\t\t\t\t<\/div>\n\t\t\t\t<\/div>\n\t\t\t\t<\/div>\n\t\t<div data-particle_enable=\"false\" data-particle-mobile-disabled=\"false\" class=\"elementor-element elementor-element-8d95693 e-con-full e-flex e-con e-parent\" data-id=\"8d95693\" data-element_type=\"container\">\n\t\t\t\t<div class=\"elementor-element elementor-element-e45b896 elementor-widget elementor-widget-heading\" data-id=\"e45b896\" data-element_type=\"widget\" data-widget_type=\"heading.default\">\n\t\t\t\t<div class=\"elementor-widget-container\">\n\t\t\t\t\t<h2 class=\"elementor-heading-title elementor-size-default\">Equipo<\/h2>\t\t\t\t<\/div>\n\t\t\t\t<\/div>\n\t\t\t\t<\/div>\n\t\t<div data-particle_enable=\"false\" data-particle-mobile-disabled=\"false\" class=\"elementor-element elementor-element-bc84e28 e-con-full e-flex e-con e-parent\" data-id=\"bc84e28\" data-element_type=\"container\">\n\t\t<div data-particle_enable=\"false\" data-particle-mobile-disabled=\"false\" class=\"elementor-element elementor-element-21ed777 e-con-full e-flex e-con e-child\" data-id=\"21ed777\" data-element_type=\"container\">\n\t\t\t\t<div class=\"elementor-element elementor-element-974579e elementor-widget elementor-widget-image\" data-id=\"974579e\" data-element_type=\"widget\" data-widget_type=\"image.default\">\n\t\t\t\t<div class=\"elementor-widget-container\">\n\t\t\t\t\t\t\t\t\t\t\t\t\t\t\t<img decoding=\"async\" width=\"683\" height=\"1024\" src=\"https:\/\/fashionkcmode.com\/wp-content\/uploads\/2025\/06\/Imagen-de-WhatsApp-2025-06-18-a-las-17.57.18_f67b0fe9-683x1024.jpg\" class=\"attachment-large size-large wp-image-493\" alt=\"KC MODE\" srcset=\"https:\/\/fashionkcmode.com\/wp-content\/uploads\/2025\/06\/Imagen-de-WhatsApp-2025-06-18-a-las-17.57.18_f67b0fe9-683x1024.jpg 683w, https:\/\/fashionkcmode.com\/wp-content\/uploads\/2025\/06\/Imagen-de-WhatsApp-2025-06-18-a-las-17.57.18_f67b0fe9-200x300.jpg 200w, https:\/\/fashionkcmode.com\/wp-content\/uploads\/2025\/06\/Imagen-de-WhatsApp-2025-06-18-a-las-17.57.18_f67b0fe9-768x1152.jpg 768w, https:\/\/fashionkcmode.com\/wp-content\/uploads\/2025\/06\/Imagen-de-WhatsApp-2025-06-18-a-las-17.57.18_f67b0fe9-600x900.jpg 600w, https:\/\/fashionkcmode.com\/wp-content\/uploads\/2025\/06\/Imagen-de-WhatsApp-2025-06-18-a-las-17.57.18_f67b0fe9.jpg 1024w\" sizes=\"(max-width: 683px) 100vw, 683px\" \/>\t\t\t\t\t\t\t\t\t\t\t\t\t\t\t<\/div>\n\t\t\t\t<\/div>\n\t\t\t\t<div class=\"elementor-element elementor-element-56d414b elementor-widget elementor-widget-text-editor\" data-id=\"56d414b\" data-element_type=\"widget\" data-widget_type=\"text-editor.default\">\n\t\t\t\t<div class=\"elementor-widget-container\">\n\t\t\t\t\t\t\t\t\t<p>Co-Fundadores<br \/>Estrategia digital y marketing creativo.<\/p>\t\t\t\t\t\t\t\t<\/div>\n\t\t\t\t<\/div>\n\t\t\t\t<\/div>\n\t\t<div data-particle_enable=\"false\" data-particle-mobile-disabled=\"false\" class=\"elementor-element elementor-element-164d79e e-con-full e-flex e-con e-child\" data-id=\"164d79e\" data-element_type=\"container\">\n\t\t\t\t<div class=\"elementor-element elementor-element-bfb6ddf elementor-widget elementor-widget-image\" data-id=\"bfb6ddf\" data-element_type=\"widget\" data-widget_type=\"image.default\">\n\t\t\t\t<div class=\"elementor-widget-container\">\n\t\t\t\t\t\t\t\t\t\t\t\t\t\t\t<img decoding=\"async\" width=\"683\" height=\"1024\" src=\"https:\/\/fashionkcmode.com\/wp-content\/uploads\/2025\/06\/Imagen-de-WhatsApp-2025-06-18-a-las-18.01.51_39a3d541-683x1024.jpg\" class=\"attachment-large size-large wp-image-500\" alt=\"KC MODE\" srcset=\"https:\/\/fashionkcmode.com\/wp-content\/uploads\/2025\/06\/Imagen-de-WhatsApp-2025-06-18-a-las-18.01.51_39a3d541-683x1024.jpg 683w, https:\/\/fashionkcmode.com\/wp-content\/uploads\/2025\/06\/Imagen-de-WhatsApp-2025-06-18-a-las-18.01.51_39a3d541-200x300.jpg 200w, https:\/\/fashionkcmode.com\/wp-content\/uploads\/2025\/06\/Imagen-de-WhatsApp-2025-06-18-a-las-18.01.51_39a3d541-768x1152.jpg 768w, https:\/\/fashionkcmode.com\/wp-content\/uploads\/2025\/06\/Imagen-de-WhatsApp-2025-06-18-a-las-18.01.51_39a3d541-600x900.jpg 600w, https:\/\/fashionkcmode.com\/wp-content\/uploads\/2025\/06\/Imagen-de-WhatsApp-2025-06-18-a-las-18.01.51_39a3d541.jpg 1024w\" sizes=\"(max-width: 683px) 100vw, 683px\" \/>\t\t\t\t\t\t\t\t\t\t\t\t\t\t\t<\/div>\n\t\t\t\t<\/div>\n\t\t\t\t<div class=\"elementor-element elementor-element-2ca4f48 elementor-widget elementor-widget-text-editor\" data-id=\"2ca4f48\" data-element_type=\"widget\" data-widget_type=\"text-editor.default\">\n\t\t\t\t<div class=\"elementor-widget-container\">\n\t\t\t\t\t\t\t\t\t<p>Co-Fundadores<br \/>Gesti\u00f3n de redes y creaci\u00f3n de contenido con estilo.<\/p>\t\t\t\t\t\t\t\t<\/div>\n\t\t\t\t<\/div>\n\t\t\t\t<\/div>\n\t\t\t\t<\/div>\n\t\t\t\t<\/div>\n\t\t","protected":false},"excerpt":{"rendered":"<p>Nuestra Historia En KC Mode creemos que la moda es una forma de expresi\u00f3n, actitud y autenticidad. Nacimos con la idea de ofrecer ropa juvenil con estilo,Nuestra esencia mezcla tendencias actuales con una visi\u00f3n urbana y moderna, tanto en nuestro punto f\u00edsico como en redes sociales.M\u00e1s que vender ropa, creamos una experiencia de confianza, estilo [&hellip;]<\/p>\n","protected":false},"author":1,"featured_media":0,"parent":0,"menu_order":0,"comment_status":"closed","ping_status":"closed","template":"","meta":{"inline_featured_image":false,"_joinchat":[],"footnotes":""},"class_list":["post-158","page","type-page","status-publish","hentry"],"jetpack_sharing_enabled":true,"_links":{"self":[{"href":"https:\/\/fashionkcmode.com\/index.php\/wp-json\/wp\/v2\/pages\/158","targetHints":{"allow":["GET"]}}],"collection":[{"href":"https:\/\/fashionkcmode.com\/index.php\/wp-json\/wp\/v2\/pages"}],"about":[{"href":"https:\/\/fashionkcmode.com\/index.php\/wp-json\/wp\/v2\/types\/page"}],"author":[{"embeddable":true,"href":"https:\/\/fashionkcmode.com\/index.php\/wp-json\/wp\/v2\/users\/1"}],"replies":[{"embeddable":true,"href":"https:\/\/fashionkcmode.com\/index.php\/wp-json\/wp\/v2\/comments?post=158"}],"version-history":[{"count":13,"href":"https:\/\/fashionkcmode.com\/index.php\/wp-json\/wp\/v2\/pages\/158\/revisions"}],"predecessor-version":[{"id":545,"href":"https:\/\/fashionkcmode.com\/index.php\/wp-json\/wp\/v2\/pages\/158\/revisions\/545"}],"wp:attachment":[{"href":"https:\/\/fashionkcmode.com\/index.php\/wp-json\/wp\/v2\/media?parent=158"}],"curies":[{"name":"wp","href":"https:\/\/api.w.org\/{rel}","templated":true}]}}